{"id":87780,"date":"2025-06-03T11:21:03","date_gmt":"2025-06-03T09:21:03","guid":{"rendered":"https:\/\/charlieszallas.hu\/galeria-hotel\/"},"modified":"2025-06-30T13:47:44","modified_gmt":"2025-06-30T11:47:44","slug":"galeria-hotel","status":"publish","type":"page","link":"https:\/\/charlieszallas.hu\/en\/galeria-hotel\/","title":{"rendered":"Gallery"},"content":{"rendered":"<p>[et_pb_section fb_built=&#8221;1&#8243; fullwidth=&#8221;on&#8221; disabled_on=&#8221;off|off|off&#8221; admin_label=&#8221;Szakasz&#8221; _builder_version=&#8221;4.27.4&#8243; _module_preset=&#8221;default&#8221; use_background_color_gradient=&#8221;on&#8221; background_color_gradient_stops=&#8221;#4f533c 0%|rgba(79,83,60,0.57) 40%|rgba(79,83,60,0) 76%&#8221; background_color_gradient_overlays_image=&#8221;on&#8221; background_image=&#8221;https:\/\/charlieszallas.hu\/wp-content\/uploads\/2025\/06\/charlieszallas-galeria-kep-20.jpg&#8221; min_height=&#8221;627px&#8221; min_height_tablet=&#8221;483px&#8221; min_height_phone=&#8221;373px&#8221; min_height_last_edited=&#8221;on|desktop&#8221; height=&#8221;100px&#8221; max_height=&#8221;1000px&#8221; custom_margin=&#8221;||||false|false&#8221; custom_padding=&#8221;||0px||false|false&#8221; top_divider_height=&#8221;49px&#8221; bottom_divider_style=&#8221;none&#8221; bottom_divider_color=&#8221;#FFFFFF&#8221; bottom_divider_height=&#8221;152px&#8221; bottom_divider_repeat=&#8221;1x&#8221; background_last_edited=&#8221;on|phone&#8221; saved_tabs=&#8221;all&#8221; locked=&#8221;off&#8221; global_colors_info=&#8221;{}&#8221;][et_pb_fullwidth_post_title meta=&#8221;off&#8221; featured_placement=&#8221;background&#8221; admin_label=&#8221;Teljes sz\u00e9less\u00e9g\u0171 bejegyz\u00e9s c\u00edm&#8221; _builder_version=&#8221;4.27.4&#8243; _module_preset=&#8221;default&#8221; title_font=&#8221;Aboreto||||||||&#8221; title_text_align=&#8221;center&#8221; title_text_color=&#8221;#FFFFFF&#8221; title_font_size=&#8221;50px&#8221; title_letter_spacing=&#8221;6px&#8221; background_color=&#8221;rgba(84,84,84,0.54)&#8221; use_background_color_gradient=&#8221;on&#8221; background_color_gradient_stops=&#8221;#4f533c 0%|rgba(0,0,0,0.42) 48%&#8221; background_color_gradient_overlays_image=&#8221;on&#8221; background_color_gradient_start=&#8221;#5a9612&#8243; background_color_gradient_end=&#8221;rgba(0,0,0,0.42)&#8221; background_color_gradient_end_position=&#8221;40%&#8221; background_enable_image=&#8221;off&#8221; min_height=&#8221;70vh&#8221; min_height_tablet=&#8221;483.8px&#8221; min_height_phone=&#8221;374.6px&#8221; min_height_last_edited=&#8221;on|desktop&#8221; custom_margin=&#8221;0px||284px||false|false&#8221; custom_padding=&#8221;28vh||0px||false|false&#8221; filter_saturate=&#8221;133%&#8221; filter_brightness=&#8221;108%&#8221; filter_invert=&#8221;8%&#8221; filter_sepia=&#8221;7%&#8221; title_font_size_tablet=&#8221;&#8221; title_font_size_phone=&#8221;17px&#8221; title_font_size_last_edited=&#8221;on|phone&#8221; title_letter_spacing_tablet=&#8221;&#8221; title_letter_spacing_phone=&#8221;2px&#8221; title_letter_spacing_last_edited=&#8221;on|phone&#8221; title_text_shadow_style=&#8221;preset5&#8243; title_text_shadow_blur_strength=&#8221;0.08em&#8221; title_text_shadow_color=&#8221;#000000&#8243; global_colors_info=&#8221;{}&#8221;][\/et_pb_fullwidth_post_title][\/et_pb_section][et_pb_section fb_built=&#8221;1&#8243; disabled_on=&#8221;off|off|off&#8221; _builder_version=&#8221;4.25.1&#8243; _module_preset=&#8221;default&#8221; global_colors_info=&#8221;{}&#8221;][et_pb_row disabled_on=&#8221;off|off|off&#8221; _builder_version=&#8221;4.27.4&#8243; _module_preset=&#8221;default&#8221; width_tablet=&#8221;&#8221; width_phone=&#8221;&#8221; width_last_edited=&#8221;on|phone&#8221; global_colors_info=&#8221;{}&#8221;][et_pb_column type=&#8221;4_4&#8243; _builder_version=&#8221;4.21.2&#8243; _module_preset=&#8221;default&#8221; global_colors_info=&#8221;{}&#8221;][et_pb_gallery gallery_ids=&#8221;276,294,277,278,279,280,281,282,290,295,283,293,284,285,292,286,287,288,289,291,296&#8243; posts_number=&#8221;21&#8243; show_title_and_caption=&#8221;off&#8221; zoom_icon_color=&#8221;rgba(0,0,0,0)&#8221; hover_overlay_color=&#8221;rgba(0,0,0,0)&#8221; disabled_on=&#8221;off|off|off&#8221; _builder_version=&#8221;4.27.4&#8243; _module_preset=&#8221;default&#8221; title_font=&#8221;|700|||||||&#8221; title_text_align=&#8221;center&#8221; title_text_color=&#8221;#95d074&#8243; title_font_size=&#8221;11px&#8221; pagination_text_color=&#8221;#95D074&#8243; custom_css_gallery_item=&#8221;width: 33.33% !important;||margin: 0 !important;||padding: 2px !important;||clear: none !important;&#8221; custom_css_overlay=&#8221;||&#8221; custom_css_overlay_icon=&#8221;||&#8221; global_colors_info=&#8221;{}&#8221; custom_css_gallery_item_tablet=&#8221;width: 50% !important;||margin: 0 !important;||clear: none !important;&#8221; custom_css_gallery_item_phone=&#8221;width: 100% !important;||margin: 0 !important;||clear: none !important;&#8221; custom_css_gallery_item_last_edited=&#8221;on|phone&#8221;][\/et_pb_gallery][\/et_pb_column][\/et_pb_row][\/et_pb_section]<\/p>\n","protected":false},"excerpt":{"rendered":"","protected":false},"author":2,"featured_media":87719,"parent":0,"menu_order":0,"comment_status":"closed","ping_status":"closed","template":"","meta":{"_et_pb_use_builder":"on","_et_pb_old_content":"","_et_gb_content_width":"","footnotes":""},"class_list":["post-87780","page","type-page","status-publish","has-post-thumbnail","hentry"],"_links":{"self":[{"href":"https:\/\/charlieszallas.hu\/en\/wp-json\/wp\/v2\/pages\/87780","targetHints":{"allow":["GET"]}}],"collection":[{"href":"https:\/\/charlieszallas.hu\/en\/wp-json\/wp\/v2\/pages"}],"about":[{"href":"https:\/\/charlieszallas.hu\/en\/wp-json\/wp\/v2\/types\/page"}],"author":[{"embeddable":true,"href":"https:\/\/charlieszallas.hu\/en\/wp-json\/wp\/v2\/users\/2"}],"replies":[{"embeddable":true,"href":"https:\/\/charlieszallas.hu\/en\/wp-json\/wp\/v2\/comments?post=87780"}],"version-history":[{"count":2,"href":"https:\/\/charlieszallas.hu\/en\/wp-json\/wp\/v2\/pages\/87780\/revisions"}],"predecessor-version":[{"id":87782,"href":"https:\/\/charlieszallas.hu\/en\/wp-json\/wp\/v2\/pages\/87780\/revisions\/87782"}],"wp:featuredmedia":[{"embeddable":true,"href":"https:\/\/charlieszallas.hu\/en\/wp-json\/wp\/v2\/media\/87719"}],"wp:attachment":[{"href":"https:\/\/charlieszallas.hu\/en\/wp-json\/wp\/v2\/media?parent=87780"}],"curies":[{"name":"wp","href":"https:\/\/api.w.org\/{rel}","templated":true}]}}