{"id":87783,"date":"2025-06-03T09:45:00","date_gmt":"2025-06-03T07:45:00","guid":{"rendered":"https:\/\/charlieszallas.hu\/szobafoglalas\/"},"modified":"2025-07-09T08:40:38","modified_gmt":"2025-07-09T06:40:38","slug":"szobafoglalas","status":"publish","type":"page","link":"https:\/\/charlieszallas.hu\/en\/szobafoglalas\/","title":{"rendered":"Booking"},"content":{"rendered":"<p>[et_pb_section fb_built=&#8221;1&#8243; fullwidth=&#8221;on&#8221; disabled_on=&#8221;off|off|off&#8221; admin_label=&#8221;Szakasz&#8221; _builder_version=&#8221;4.23.1&#8243; _module_preset=&#8221;default&#8221; background_enable_image=&#8221;off&#8221; custom_margin=&#8221;||||false|false&#8221; top_divider_height=&#8221;49px&#8221; saved_tabs=&#8221;all&#8221; locked=&#8221;off&#8221; global_colors_info=&#8221;{}&#8221;][et_pb_fullwidth_post_title meta=&#8221;off&#8221; featured_placement=&#8221;background&#8221; disabled_on=&#8221;off|off|off&#8221; admin_label=&#8221;Teljes sz\u00e9less\u00e9g\u0171 bejegyz\u00e9s c\u00edm&#8221; _builder_version=&#8221;4.27.4&#8243; _module_preset=&#8221;default&#8221; title_font=&#8221;Aboreto||||||||&#8221; title_text_align=&#8221;center&#8221; title_text_color=&#8221;#FFFFFF&#8221; title_font_size=&#8221;50px&#8221; title_letter_spacing=&#8221;6px&#8221; use_background_color_gradient=&#8221;on&#8221; background_color_gradient_stops=&#8221;#4f533c 0%|rgba(79,83,60,0.57) 40%|rgba(79,83,60,0) 76%&#8221; background_color_gradient_overlays_image=&#8221;on&#8221; background_image=&#8221;https:\/\/charlieszallas.hu\/wp-content\/uploads\/2025\/06\/charlieszallas-galeria-kep-20.jpg&#8221; min_height=&#8221;627px&#8221; min_height_tablet=&#8221;483px&#8221; min_height_phone=&#8221;373px&#8221; min_height_last_edited=&#8221;on|desktop&#8221; height=&#8221;100px&#8221; max_height=&#8221;1000px&#8221; custom_margin=&#8221;||||false|false&#8221; custom_padding=&#8221;280px||||false|false&#8221; custom_padding_tablet=&#8221;300px||||false|false&#8221; custom_padding_phone=&#8221;300px||||false|false&#8221; custom_padding_last_edited=&#8221;on|desktop&#8221; title_font_size_tablet=&#8221;39px&#8221; title_font_size_phone=&#8221;17px&#8221; title_font_size_last_edited=&#8221;on|phone&#8221; title_letter_spacing_tablet=&#8221;&#8221; title_letter_spacing_phone=&#8221;2px&#8221; title_letter_spacing_last_edited=&#8221;on|phone&#8221; background_last_edited=&#8221;on|phone&#8221; title_text_shadow_style=&#8221;preset5&#8243; title_text_shadow_blur_strength=&#8221;0.08em&#8221; title_text_shadow_color=&#8221;#000000&#8243; global_colors_info=&#8221;{}&#8221;][\/et_pb_fullwidth_post_title][\/et_pb_section][et_pb_section fb_built=&#8221;1&#8243; admin_label=&#8221;section&#8221; _builder_version=&#8221;4.17.6&#8243; custom_padding=&#8221;5px||5px||false|false&#8221; global_colors_info=&#8221;{}&#8221;][et_pb_row admin_label=&#8221;row&#8221; _builder_version=&#8221;4.17.6&#8243; background_size=&#8221;initial&#8221; background_position=&#8221;top_left&#8221; background_repeat=&#8221;repeat&#8221; global_colors_info=&#8221;{}&#8221;][et_pb_column type=&#8221;4_4&#8243; _builder_version=&#8221;4.16&#8243; custom_padding=&#8221;|||&#8221; global_colors_info=&#8221;{}&#8221; custom_padding__hover=&#8221;|||&#8221;][et_pb_text _builder_version=&#8221;4.27.4&#8243; _module_preset=&#8221;default&#8221; hover_enabled=&#8221;0&#8243; global_colors_info=&#8221;{}&#8221; sticky_enabled=&#8221;0&#8243;]<\/p>\n<p style=\"text-align: center;\">For room information and pictures, please first set the dates and booking information without any obligation.<\/p>\n<p>[\/et_pb_text][\/et_pb_column][\/et_pb_row][\/et_pb_section][et_pb_section fb_built=&#8221;1&#8243; admin_label=&#8221;section&#8221; _builder_version=&#8221;4.17.6&#8243; custom_padding=&#8221;5px||||false|false&#8221; global_colors_info=&#8221;{}&#8221;][et_pb_row _builder_version=&#8221;4.17.6&#8243; _module_preset=&#8221;default&#8221; width_tablet=&#8221;100%&#8221; width_phone=&#8221;100%&#8221; width_last_edited=&#8221;on|phone&#8221; max_width_tablet=&#8221;100%&#8221; max_width_phone=&#8221;100%&#8221; max_width_last_edited=&#8221;on|tablet&#8221; global_colors_info=&#8221;{}&#8221;][et_pb_column type=&#8221;4_4&#8243; _builder_version=&#8221;4.17.6&#8243; _module_preset=&#8221;default&#8221; global_colors_info=&#8221;{}&#8221;][et_pb_code _builder_version=&#8221;4.22.1&#8243; _module_preset=&#8221;default&#8221; hover_enabled=&#8221;0&#8243; global_colors_info=&#8221;{}&#8221; sticky_enabled=&#8221;0&#8243;]<script><!-- [et_pb_line_break_holder] -->var hotel = 'parkhotelbuk';<!-- [et_pb_line_break_holder] -->var iframe_key = 1034;<!-- [et_pb_line_break_holder] -->var lang = 'hu';<!-- [et_pb_line_break_holder] -->var currency = 'HUF';<!-- [et_pb_line_break_holder] -->var sticky_header = '';<!-- [et_pb_line_break_holder] -->var badge_align = 'left';<!-- [et_pb_line_break_holder] -->window.oniframeinitialize = function(){}<!-- [et_pb_line_break_holder] --><\/script><!-- [et_pb_line_break_holder] --><script src=\"https:\/\/nethotelbooking.net\/embed.js\"><\/script>[\/et_pb_code][\/et_pb_column][\/et_pb_row][\/et_pb_section][et_pb_section fb_built=&#8221;1&#8243; disabled_on=&#8221;on|on|on&#8221; _builder_version=&#8221;4.27.4&#8243; _module_preset=&#8221;default&#8221; disabled=&#8221;on&#8221; global_colors_info=&#8221;{}&#8221;][et_pb_row _builder_version=&#8221;4.22.1&#8243; _module_preset=&#8221;default&#8221; global_colors_info=&#8221;{}&#8221;][et_pb_column type=&#8221;4_4&#8243; _builder_version=&#8221;4.22.1&#8243; _module_preset=&#8221;default&#8221; global_colors_info=&#8221;{}&#8221;][et_pb_video src=&#8221;https:\/\/youtu.be\/-UMY7Kz-Gew&#8221; image_src=&#8221;\/\/i.ytimg.com\/vi\/-UMY7Kz-Gew\/hqdefault.jpg&#8221; _builder_version=&#8221;4.22.1&#8243; _module_preset=&#8221;default&#8221; global_colors_info=&#8221;{}&#8221;][\/et_pb_video][\/et_pb_column][\/et_pb_row][\/et_pb_section]<\/p>\n","protected":false},"excerpt":{"rendered":"<p>For room information and pictures, please first set the dates and booking information without any obligation.<\/p>\n","protected":false},"author":2,"featured_media":87705,"parent":0,"menu_order":0,"comment_status":"closed","ping_status":"closed","template":"","meta":{"_et_pb_use_builder":"on","_et_pb_old_content":"","_et_gb_content_width":"","footnotes":""},"class_list":["post-87783","page","type-page","status-publish","has-post-thumbnail","hentry"],"_links":{"self":[{"href":"https:\/\/charlieszallas.hu\/en\/wp-json\/wp\/v2\/pages\/87783","targetHints":{"allow":["GET"]}}],"collection":[{"href":"https:\/\/charlieszallas.hu\/en\/wp-json\/wp\/v2\/pages"}],"about":[{"href":"https:\/\/charlieszallas.hu\/en\/wp-json\/wp\/v2\/types\/page"}],"author":[{"embeddable":true,"href":"https:\/\/charlieszallas.hu\/en\/wp-json\/wp\/v2\/users\/2"}],"replies":[{"embeddable":true,"href":"https:\/\/charlieszallas.hu\/en\/wp-json\/wp\/v2\/comments?post=87783"}],"version-history":[{"count":4,"href":"https:\/\/charlieszallas.hu\/en\/wp-json\/wp\/v2\/pages\/87783\/revisions"}],"predecessor-version":[{"id":87856,"href":"https:\/\/charlieszallas.hu\/en\/wp-json\/wp\/v2\/pages\/87783\/revisions\/87856"}],"wp:featuredmedia":[{"embeddable":true,"href":"https:\/\/charlieszallas.hu\/en\/wp-json\/wp\/v2\/media\/87705"}],"wp:attachment":[{"href":"https:\/\/charlieszallas.hu\/en\/wp-json\/wp\/v2\/media?parent=87783"}],"curies":[{"name":"wp","href":"https:\/\/api.w.org\/{rel}","templated":true}]}}